{"id":3,"date":"2025-12-22T18:29:57","date_gmt":"2025-12-22T18:29:57","guid":{"rendered":"https:\/\/proconsulting.com.mk\/?page_id=3"},"modified":"2025-12-25T18:12:51","modified_gmt":"2025-12-25T18:12:51","slug":"privacy-policy","status":"publish","type":"page","link":"https:\/\/proconsulting.com.mk\/mk\/privacy-policy\/","title":{"rendered":"Privacy Policy"},"content":{"rendered":"<div data-elementor-type=\"wp-page\" data-elementor-id=\"3\" class=\"elementor elementor-3\">\n\t\t\t\t<div class=\"elementor-element elementor-element-6b549420 e-flex e-con-boxed e-con e-parent\" data-id=\"6b549420\" data-element_type=\"container\" data-e-type=\"container\">\n\t\t\t\t\t<div class=\"e-con-inner\">\n\t\t\t\t<div class=\"elementor-element elementor-element-1f7d51ac elementor-widget elementor-widget-text-editor\" data-id=\"1f7d51ac\" data-element_type=\"widget\" data-e-type=\"widget\" data-widget_type=\"text-editor.default\">\n\t\t\t\t\t\t\t\t\t\n<h1 class=\"wp-block-heading\" data-start=\"2904\" data-end=\"2940\">\ud83d\udd10 \u041f\u041e\u041b\u0418\u0422\u0418\u041a\u0410 \u0417\u0410 \u041f\u0420\u0418\u0412\u0410\u0422\u041d\u041e\u0421\u0422 \u2013 \u041f\u0420\u041e\u0424\u0415\u0421\u0418\u041e\u041d\u0410\u041b\u0422\u0418\u041d\u0413<\/h1>\n<p data-start=\"2942\" data-end=\"2968\"><strong data-start=\"2942\" data-end=\"2968\">\u041f\u043e\u043b\u0438\u0442\u0438\u043a\u0430 \u0437\u0430 \u043f\u0440\u0438\u0432\u0430\u0442\u043d\u043e\u0441\u0442<\/strong><\/p>\n<p data-start=\"2970\" data-end=\"3124\">\u041f\u0420\u041e \u041a\u041e\u041d\u0421\u0410\u041b\u0422\u0418\u041d\u0413 \u0458\u0430 \u043f\u043e\u0447\u0438\u0442\u0443\u0432\u0430 \u043f\u0440\u0438\u0432\u0430\u0442\u043d\u043e\u0441\u0442\u0430 \u043d\u0430 \u0441\u0432\u043e\u0438\u0442\u0435 \u043f\u043e\u0441\u0435\u0442\u0438\u0442\u0435\u043b\u0438 \u0438 \u043a\u043b\u0438\u0435\u043d\u0442\u0438 \u0438 \u0435 \u043f\u043e\u0441\u0432\u0435\u0442\u0435\u043d\u0430 \u043d\u0430 \u0437\u0430\u0448\u0442\u0438\u0442\u0430 \u043d\u0430 \u043b\u0438\u0447\u043d\u0438\u0442\u0435 \u043f\u043e\u0434\u0430\u0442\u043e\u0446\u0438 \u0432\u043e \u0441\u043e\u0433\u043b\u0430\u0441\u043d\u043e\u0441\u0442 \u0441\u043e \u0432\u0430\u0436\u0435\u0447\u043a\u0438\u0442\u0435 \u0437\u0430\u043a\u043e\u043d\u0438.<\/p>\n<h3 data-start=\"3126\" data-end=\"3151\">\u0421\u043e\u0431\u0438\u0440\u0430\u045a\u0435 \u043f\u043e\u0434\u0430\u0442\u043e\u0446\u0438<\/h3>\n<p data-start=\"3152\" data-end=\"3201\">\u041c\u043e\u0436\u0435\u043c\u0435 \u0434\u0430 \u0441\u043e\u0431\u0438\u0440\u0430\u043c\u0435 \u043b\u0438\u0447\u043d\u0438 \u043f\u043e\u0434\u0430\u0442\u043e\u0446\u0438 \u0441\u0430\u043c\u043e \u043a\u043e\u0433\u0430:<\/p>\n<ul data-start=\"3202\" data-end=\"3281\">\n<li data-start=\"3202\" data-end=\"3247\">\n<p data-start=\"3204\" data-end=\"3247\">\u041a\u043e\u043d\u0442\u0430\u043a\u0442\u0438\u0440\u0430\u0458\u0442\u0435 \u043d\u00e8 \u043f\u0440\u0435\u043a\u0443 \u0442\u0435\u043b\u0435\u0444\u043e\u043d \u0438\u043b\u0438 \u0435-\u043f\u043e\u0448\u0442\u0430.<\/p>\n<\/li>\n<li data-start=\"3248\" data-end=\"3281\">\n<p data-start=\"3250\" data-end=\"3281\">\u0418\u0441\u043f\u0440\u0430\u0442\u0435\u0442\u0435 \u043d\u0438 \u0431\u0430\u0440\u0430\u045a\u0435 \u0437\u0430 \u0443\u0441\u043b\u0443\u0433\u0430<\/p>\n<\/li>\n<\/ul>\n<p data-start=\"3283\" data-end=\"3410\">\u0421\u043e\u0431\u0440\u0430\u043d\u0438\u0442\u0435 \u043f\u043e\u0434\u0430\u0442\u043e\u0446\u0438 \u043c\u043e\u0436\u0435 \u0434\u0430 \u0432\u043a\u043b\u0443\u0447\u0443\u0432\u0430\u0430\u0442: \u0438\u043c\u0435, \u0442\u0435\u043b\u0435\u0444\u043e\u043d\u0441\u043a\u0438 \u0431\u0440\u043e\u0458 \u0438 \u0434\u0440\u0443\u0433\u0438 \u0438\u043d\u0444\u043e\u0440\u043c\u0430\u0446\u0438\u0438 \u043f\u043e\u0442\u0440\u0435\u0431\u043d\u0438 \u0437\u0430 \u043e\u0431\u0435\u0437\u0431\u0435\u0434\u0443\u0432\u0430\u045a\u0435 \u0443\u0441\u043b\u0443\u0433\u0438.<\/p>\n<h3 data-start=\"3412\" data-end=\"3438\">\u041a\u043e\u0440\u0438\u0441\u0442\u0435\u045a\u0435 \u043d\u0430 \u043f\u043e\u0434\u0430\u0442\u043e\u0446\u0438<\/h3>\n<p data-start=\"3439\" data-end=\"3478\">\u041b\u0438\u0447\u043d\u0438\u0442\u0435 \u043f\u043e\u0434\u0430\u0442\u043e\u0446\u0438 \u0441\u0435 \u043a\u043e\u0440\u0438\u0441\u0442\u0430\u0442 \u0441\u0430\u043c\u043e \u0437\u0430:<\/p>\n<ul data-start=\"3479\" data-end=\"3573\">\n<li data-start=\"3479\" data-end=\"3502\">\n<p data-start=\"3481\" data-end=\"3502\">\u041a\u043e\u043c\u0443\u043d\u0438\u043a\u0430\u0446\u0438\u0458\u0430 \u0441\u043e \u043a\u043b\u0438\u0435\u043d\u0442\u0438<\/p>\n<\/li>\n<li data-start=\"3503\" data-end=\"3538\">\n<p data-start=\"3505\" data-end=\"3538\">\u041e\u0431\u0435\u0437\u0431\u0435\u0434\u0443\u0432\u0430\u045a\u0435 \u043f\u0440\u043e\u0444\u0435\u0441\u0438\u043e\u043d\u0430\u043b\u043d\u0438 \u0443\u0441\u043b\u0443\u0433\u0438<\/p>\n<\/li>\n<li data-start=\"3539\" data-end=\"3573\">\n<p data-start=\"3541\" data-end=\"3573\">\u0418\u0441\u043f\u043e\u043b\u043d\u0443\u0432\u0430\u045a\u0435 \u043d\u0430 \u0437\u0430\u043a\u043e\u043d\u0441\u043a\u0438\u0442\u0435 \u043e\u0431\u0432\u0440\u0441\u043a\u0438<\/p>\n<\/li>\n<\/ul>\n<h3 data-start=\"3575\" data-end=\"3600\">\u0421\u043e\u0431\u0438\u0440\u0430\u045a\u0435 \u043f\u043e\u0434\u0430\u0442\u043e\u0446\u0438<\/h3>\n<p data-start=\"3601\" data-end=\"3737\">\u041f\u0420\u041e \u041a\u041e\u041d\u0421\u0410\u041b\u0422\u0418\u041d\u0413 \u043f\u0440\u0435\u0437\u0435\u043c\u0430 \u0442\u0435\u0445\u043d\u0438\u0447\u043a\u0438 \u0438 \u043e\u0440\u0433\u0430\u043d\u0438\u0437\u0430\u0446\u0438\u0441\u043a\u0438 \u043c\u0435\u0440\u043a\u0438 \u0437\u0430 \u0437\u0430\u0448\u0442\u0438\u0442\u0430 \u043d\u0430 \u043b\u0438\u0447\u043d\u0438\u0442\u0435 \u043f\u043e\u0434\u0430\u0442\u043e\u0446\u0438 \u043e\u0434 \u043d\u0435\u043e\u0432\u043b\u0430\u0441\u0442\u0435\u043d \u043f\u0440\u0438\u0441\u0442\u0430\u043f, \u0433\u0443\u0431\u0435\u045a\u0435 \u0438\u043b\u0438 \u0437\u043b\u043e\u0443\u043f\u043e\u0442\u0440\u0435\u0431\u0430.<\/p>\n<h3 data-start=\"3739\" data-end=\"3762\">\u0421\u043f\u043e\u0434\u0435\u043b\u0443\u0432\u0430\u045a\u0435 \u043d\u0430 \u043f\u043e\u0434\u0430\u0442\u043e\u0446\u0438<\/h3>\n<p data-start=\"3763\" data-end=\"3861\" class=\"translation-block\">\u041d\u0438\u0435 <strong data-start=\"3766\" data-end=\"3782\">\u043d\u0435 \u0441\u043f\u043e\u0434\u0435\u043b\u0443\u0432\u0430\u043c\u0435<\/strong> \u043b\u0438\u0447\u043d\u0438 \u043f\u043e\u0434\u0430\u0442\u043e\u0446\u0438 \u0441\u043e \u0442\u0440\u0435\u0442\u0438 \u0441\u0442\u0440\u0430\u043d\u0438, \u043e\u0441\u0432\u0435\u043d \u043a\u043e\u0433\u0430 \u0442\u043e\u0430 \u0433\u043e \u0431\u0430\u0440\u0430 \u0437\u0430\u043a\u043e\u043d\u043e\u0442.<\/p>\n<h3 data-start=\"3863\" data-end=\"3875\">\u041a\u043e\u043d\u0442\u0430\u043a\u0442<\/h3>\n<p data-start=\"3876\" data-end=\"3939\">\u0417\u0430 \u043a\u0430\u043a\u0432\u0438 \u0431\u0438\u043b\u043e \u043f\u0440\u0430\u0448\u0430\u045a\u0430 \u0432\u043e \u0432\u0440\u0441\u043a\u0430 \u0441\u043e \u043f\u0440\u0438\u0432\u0430\u0442\u043d\u043e\u0441\u0442\u0430, \u043c\u043e\u0436\u0435\u0442\u0435 \u0434\u0430 \u043d\u0435 \u043a\u043e\u043d\u0442\u0430\u043a\u0442\u0438\u0440\u0430\u0442\u0435:<\/p>\n<p data-start=\"3941\" data-end=\"3991\">\ud83d\udccd Ilindenska 1220, Tetovo 1220<br data-start=\"3972\" data-end=\"3975\" \/>\ud83d\udcde 070 278 236<\/p>\t\t\t\t\t\t\t\t<\/div>\n\t\t\t\t\t<\/div>\n\t\t\t\t<\/div>\n\t\t\t\t<\/div>","protected":false},"excerpt":{"rendered":"<p>&#x1f510; PRIVACY POLICY \u2013 PRO CONSULTING Politika e Privat\u00ebsis\u00eb PRO CONSULTING respekton privat\u00ebsin\u00eb e vizitor\u00ebve dhe klient\u00ebve t\u00eb saj dhe angazhohet p\u00ebr mbrojtjen e t\u00eb dh\u00ebnave personale n\u00eb p\u00ebrputhje me ligjet n\u00eb fuqi. Mbledhja e t\u00eb dh\u00ebnave Ne mund t\u00eb mbledhim t\u00eb dh\u00ebna personale vet\u00ebm kur: Na kontaktoni p\u00ebrmes telefonit ose email-it Na d\u00ebrgoni k\u00ebrkes\u00eb [&hellip;]<\/p>\n","protected":false},"author":1,"featured_media":0,"parent":0,"menu_order":0,"comment_status":"closed","ping_status":"closed","template":"","meta":{"footnotes":""},"class_list":["post-3","page","type-page","status-publish","hentry"],"_links":{"self":[{"href":"https:\/\/proconsulting.com.mk\/mk\/wp-json\/wp\/v2\/pages\/3","targetHints":{"allow":["GET"]}}],"collection":[{"href":"https:\/\/proconsulting.com.mk\/mk\/wp-json\/wp\/v2\/pages"}],"about":[{"href":"https:\/\/proconsulting.com.mk\/mk\/wp-json\/wp\/v2\/types\/page"}],"author":[{"embeddable":true,"href":"https:\/\/proconsulting.com.mk\/mk\/wp-json\/wp\/v2\/users\/1"}],"replies":[{"embeddable":true,"href":"https:\/\/proconsulting.com.mk\/mk\/wp-json\/wp\/v2\/comments?post=3"}],"version-history":[{"count":7,"href":"https:\/\/proconsulting.com.mk\/mk\/wp-json\/wp\/v2\/pages\/3\/revisions"}],"predecessor-version":[{"id":292,"href":"https:\/\/proconsulting.com.mk\/mk\/wp-json\/wp\/v2\/pages\/3\/revisions\/292"}],"wp:attachment":[{"href":"https:\/\/proconsulting.com.mk\/mk\/wp-json\/wp\/v2\/media?parent=3"}],"curies":[{"name":"wp","href":"https:\/\/api.w.org\/{rel}","templated":true}]}}